{"id":174,"date":"2023-10-19T15:26:34","date_gmt":"2023-10-19T19:26:34","guid":{"rendered":"https:\/\/entretienext.ca\/home\/"},"modified":"2026-01-05T07:04:13","modified_gmt":"2026-01-05T11:04:13","slug":"home","status":"publish","type":"page","link":"https:\/\/entretienext.ca\/en\/","title":{"rendered":"Home"},"content":{"rendered":"<div class=\"wpb-content-wrapper\"><p>[vc_row css_animation=&#8221;&#8221; row_type=&#8221;row&#8221; use_row_as_full_screen_section=&#8221;no&#8221; type=&#8221;grid&#8221; angled_section=&#8221;no&#8221; text_align=&#8221;left&#8221; background_image_as_pattern=&#8221;without_pattern&#8221; z_index=&#8221;&#8221; css=&#8221;.vc_custom_1729541350635{background-color: #E5EEF3 !important;}&#8221;][vc_column][qode_elements_holder number_of_columns=&#8221;two_columns&#8221;][qode_elements_holder_item vertical_alignment=&#8221;top&#8221; advanced_animations=&#8221;no&#8221; item_padding=&#8221;90px 20px 90px 0px&#8221; item_padding_480=&#8221;90px 20px 0px 0px&#8221; item_padding_480_600=&#8221;90px 20px 0px 0px&#8221;][vc_single_image image=&#8221;520&#8243; img_size=&#8221;full&#8221; alignment=&#8221;center&#8221; css=&#8221;&#8221; qode_css_animation=&#8221;&#8221;][\/qode_elements_holder_item][qode_elements_holder_item vertical_alignment=&#8221;top&#8221; advanced_animations=&#8221;no&#8221; item_padding=&#8221;88px 0px 50px 20px&#8221; item_padding_480_600=&#8221;68px 0px 70px 0px&#8221; item_padding_480=&#8221;68px 0px 70px 0px&#8221; item_padding_600_768=&#8221;88px 0px 70px 0px&#8221;][vc_column_text css=&#8221;&#8221;]<\/p>\n<h1>Cleaning your gutters should be a priority in the\u00a0fall!<\/h1>\n<p>[\/vc_column_text][vc_empty_space height=&#8221;30px&#8221;][vc_column_text css=&#8221;&#8221;]Autumn is a beautiful season, with its colorful leaves and fresh air. However, it&#8217;s also the perfect time to think about home maintenance, particularly your gutters. It&#8217;s a top priority before winter arrives to clean them to prevent:[\/vc_column_text][vc_empty_space height=&#8221;10px&#8221;][vc_column_text css=&#8221;&#8221;]<strong>gutters from breaking, leading to costly repairs&#8230;<\/strong>[\/vc_column_text][vc_empty_space height=&#8221;30px&#8221;][vc_column_text css=&#8221;&#8221;]<strong><a href=\"https:\/\/entretienext.ca\/en\/gutter-cleaning-services\/\">READ MORE<\/a><\/strong>[\/vc_column_text][\/qode_elements_holder_item][\/qode_elements_holder][\/vc_column][\/vc_row][vc_row css_animation=&#8221;&#8221; row_type=&#8221;row&#8221; use_row_as_full_screen_section=&#8221;no&#8221; type=&#8221;grid&#8221; angled_section=&#8221;no&#8221; text_align=&#8221;left&#8221; background_image_as_pattern=&#8221;without_pattern&#8221; z_index=&#8221;&#8221; anchor=&#8221;window-washing&#8221; padding_top=&#8221;70&#8243;][vc_column width=&#8221;1\/2&#8243;][vc_column_text]<\/p>\n<h1>Our commitment<\/h1>\n<p>[\/vc_column_text][vc_empty_space height=&#8221;30px&#8221;][vc_column_text]You can count on a professional, meticulous, reliable, and courteous service for your window washing and gutter cleaning. Your satisfaction is our priority.[\/vc_column_text][vc_empty_space height=&#8221;50px&#8221;][\/vc_column][vc_column width=&#8221;1\/2&#8243;][vc_column_text]<\/p>\n<h2>Residential services<\/h2>\n<p>[\/vc_column_text][vc_empty_space height=&#8221;30px&#8221;][vc_column_text]We offer window cleaning and gutter cleaning services for residential properties, apartment and condo buildings. Contact us today to schedule an appointment.[\/vc_column_text][vc_empty_space height=&#8221;50px&#8221;][\/vc_column][\/vc_row][vc_row css_animation=&#8221;&#8221; row_type=&#8221;row&#8221; use_row_as_full_screen_section=&#8221;no&#8221; type=&#8221;grid&#8221; angled_section=&#8221;no&#8221; text_align=&#8221;left&#8221; background_image_as_pattern=&#8221;without_pattern&#8221; z_index=&#8221;&#8221;][vc_column width=&#8221;1\/2&#8243;][vc_single_image image=&#8221;165&#8243; img_size=&#8221;full&#8221; qode_css_animation=&#8221;&#8221;][vc_empty_space height=&#8221;30px&#8221;][vc_column_text]<\/p>\n<h3>Window washing<\/h3>\n<p>[\/vc_column_text][vc_empty_space height=&#8221;30px&#8221;][vc_column_text]<\/p>\n<p class=\"p1\">We are committed to providing impeccable window washing services, including window frame and window screen cleaning. Whether you need an exterior window wash only or a complete wash (exterior and interior), we will give it our full attention with the utmost attention to detail. Your windows will be sparkling. Your satisfaction is guaranteed!<\/p>\n<p>&nbsp;<\/p>\n<p class=\"p1\">Call us or use our free estimate request form to schedule an appointment.<\/p>\n<p>[\/vc_column_text][vc_empty_space height=&#8221;50px&#8221;][\/vc_column][vc_column width=&#8221;1\/2&#8243;][vc_single_image image=&#8221;230&#8243; img_size=&#8221;full&#8221; qode_css_animation=&#8221;&#8221;][vc_empty_space height=&#8221;30px&#8221;][vc_column_text]<\/p>\n<h4>Gutter cleaning<\/h4>\n<p>[\/vc_column_text][vc_empty_space height=&#8221;30px&#8221;][vc_column_text]It is a top priority to empty gutters of all debris to ensure that water flows smoothly over the roof and away from the building to avoid property damage to your home, such as unfortunate water infiltration, sagging gutter, soil erosion, black stains on siding and soffits.<\/p>\n<p>&nbsp;<\/p>\n<p>Avoid property damage to your home. Contact us for gutter cleaning services, recommended once or twice a year.[\/vc_column_text][vc_empty_space height=&#8221;50px&#8221;][\/vc_column][\/vc_row][vc_row css_animation=&#8221;&#8221; row_type=&#8221;row&#8221; use_row_as_full_screen_section=&#8221;no&#8221; type=&#8221;full_width&#8221; angled_section=&#8221;no&#8221; text_align=&#8221;left&#8221; background_image_as_pattern=&#8221;without_pattern&#8221;][vc_column][vc_empty_space height=&#8221;30px&#8221;][\/vc_column][\/vc_row][vc_row css_animation=&#8221;&#8221; row_type=&#8221;row&#8221; use_row_as_full_screen_section=&#8221;no&#8221; type=&#8221;full_width&#8221; angled_section=&#8221;no&#8221; text_align=&#8221;left&#8221; background_image_as_pattern=&#8221;without_pattern&#8221; z_index=&#8221;&#8221; padding_top=&#8221;128&#8243; padding_bottom=&#8221;128&#8243; background_image=&#8221;117&#8243; anchor=&#8221;areas&#8221;][vc_column][vc_column_text css=&#8221;.vc_custom_1724506128914{margin-top: -50px !important;}&#8221;]<\/p>\n<h5 style=\"text-align: center;\">Areas served<br \/>\nMontreal \u2022 North Shore \u2022 Laurentians<\/h5>\n<p>&nbsp;<\/p>\n<p style=\"text-align: center;\">Contact us to schedule<br \/>\nan appointment<\/p>\n<p>&nbsp;<\/p>\n<h5 style=\"text-align: center;\"><a href=\"tel:+14388285413\">438-828-5413<\/a><\/h5>\n<p>[\/vc_column_text][vc_column_text]<\/p>\n<h5 style=\"text-align: center;\"><span data-type=\"small\" data-hover-icon-color=\"#006eff\" class=\"qode_icon_shortcode  q_font_awsome_icon fa-2x  \" style=\" \"><a  itemprop=\"url\" href=\"mailto:info@entretienext.ca\" target=\"\"><i class=\"qode_icon_font_awesome fa fa-envelope qode_icon_element\" style=\"color: #000000;\" ><\/i><\/a><\/span><\/h5>\n<p style=\"text-align: center;\"><span style=\"font-size: 22px; font-family: opensans; font-weight: 600;\"><a href=\"mailto:info@entretienext.ca\" aria-label=\"Email\">info@entretienext.ca<\/a><\/span><\/p>\n<p>[\/vc_column_text][\/vc_column][\/vc_row][vc_row css_animation=&#8221;&#8221; row_type=&#8221;row&#8221; use_row_as_full_screen_section=&#8221;no&#8221; type=&#8221;grid&#8221; angled_section=&#8221;no&#8221; text_align=&#8221;left&#8221; background_image_as_pattern=&#8221;without_pattern&#8221; z_index=&#8221;&#8221;][vc_column][vc_empty_space height=&#8221;80px&#8221;][vc_column_text]<\/p>\n<h6 style=\"text-align: center;\">What our clients say<\/h6>\n<p>[\/vc_column_text][vc_empty_space height=&#8221;50px&#8221;]<div class='testimonials_c_holder clearfix dark'><div class=\"testimonials_c testimonials_c_carousel\" data-show-navigation=\"yes\" data-animation-speed=\"\" data-auto-rotate-slides=\"10\" data-number-per-slide=\"3\"><ul class=\"slides\"><li id=\"testimonials-c-429\" class=\"testimonial_content\"><div class=\"testimonial_content_inner\"><div class=\"testimonial_rating_holder\"><span class=\"testimonial_star_holder\"><span class=\"icon_star\"><\/span><\/span><span class=\"testimonial_star_holder\"><span class=\"icon_star\"><\/span><\/span><span class=\"testimonial_star_holder\"><span class=\"icon_star\"><\/span><\/span><span class=\"testimonial_star_holder\"><span class=\"icon_star\"><\/span><\/span><span class=\"testimonial_star_holder\"><span class=\"icon_star\"><\/span><\/span><\/div><div class=\"testimonial_text_holder\"><div class=\"testimonial_text_inner\" style=\"color: #000000;\"><p style=\"color:#000000\">\"Impeccable service! Mr. Gagn\u00e9 C\u00f4t\u00e9 is meticulous and professional. We have used several companies to clean our windows, and this is the first time I have been completely satisfied with the result. Mr. Gagn\u00e9 C\u00f4t\u00e9 works very&nbsp;cleanly, the screens are impeccable and the windows are spotless. I&nbsp;recommend him without&nbsp;reservation.\"<\/p><p class=\"testimonial_author\" style=\"color: #000000;\">Coralie Loblicq, Town of Mount Royal<\/p><\/div><\/div><\/div><\/li><li id=\"testimonials-c-428\" class=\"testimonial_content\"><div class=\"testimonial_content_inner\"><div class=\"testimonial_rating_holder\"><span class=\"testimonial_star_holder\"><span class=\"icon_star\"><\/span><\/span><span class=\"testimonial_star_holder\"><span class=\"icon_star\"><\/span><\/span><span class=\"testimonial_star_holder\"><span class=\"icon_star\"><\/span><\/span><span class=\"testimonial_star_holder\"><span class=\"icon_star\"><\/span><\/span><span class=\"testimonial_star_holder\"><span class=\"icon_star\"><\/span><\/span><\/div><div class=\"testimonial_text_holder\"><div class=\"testimonial_text_inner\" style=\"color: #000000;\"><p style=\"color:#000000\">\"I had the windows of my condo washed by Entretien EXT, and I was extremely satisfied with the quality of the service they provided. Courteous, knowledgeable, on duty, their customer service is second to none. No residue in the windows and no post-wash slides. Honestly, it is the best washing service I have had since we had our windows washed in our condo building.\"<\/p><p class=\"testimonial_author\" style=\"color: #000000;\">Carl Dubuc, Le Plateau-Mont-Royal<\/p><\/div><\/div><\/div><\/li><li id=\"testimonials-c-427\" class=\"testimonial_content\"><div class=\"testimonial_content_inner\"><div class=\"testimonial_rating_holder\"><span class=\"testimonial_star_holder\"><span class=\"icon_star\"><\/span><\/span><span class=\"testimonial_star_holder\"><span class=\"icon_star\"><\/span><\/span><span class=\"testimonial_star_holder\"><span class=\"icon_star\"><\/span><\/span><span class=\"testimonial_star_holder\"><span class=\"icon_star\"><\/span><\/span><span class=\"testimonial_star_holder\"><span class=\"icon_star\"><\/span><\/span><\/div><div class=\"testimonial_text_holder\"><div class=\"testimonial_text_inner\" style=\"color: #000000;\"><p style=\"color:#000000\">\"Great experience with David. A real perfectionist and my windows were sparkling when he left, as well as my house. There was no mess or water anywhere He did the entirety of the window, inside and out, thresholds and screens. Also very polite and respectful, always removed his shoes! I&nbsp;highly recommend him and his&nbsp;team!\"<\/p><p class=\"testimonial_author\" style=\"color: #000000;\">Rosemary Pal, Sainte-Ad\u00e8le<\/p><\/div><\/div><\/div><\/li><li id=\"testimonials-c-426\" class=\"testimonial_content\"><div class=\"testimonial_content_inner\"><div class=\"testimonial_rating_holder\"><span class=\"testimonial_star_holder\"><span class=\"icon_star\"><\/span><\/span><span class=\"testimonial_star_holder\"><span class=\"icon_star\"><\/span><\/span><span class=\"testimonial_star_holder\"><span class=\"icon_star\"><\/span><\/span><span class=\"testimonial_star_holder\"><span class=\"icon_star\"><\/span><\/span><span class=\"testimonial_star_holder\"><span class=\"icon_star\"><\/span><\/span><\/div><div class=\"testimonial_text_holder\"><div class=\"testimonial_text_inner\" style=\"color: #000000;\"><p style=\"color:#000000\">\"We are very satisfied with David's work on the front and back of our condo, as well as cleaning the front gutter. Beyond his efficient work, he also made sure to clean the stairs in front of our building. David knows what he's doing and took the time to explain his process. He was also super friendly. I highly recommend his&nbsp;services.\"<\/p><p class=\"testimonial_author\" style=\"color: #000000;\">Tomokazu Le, Rosemont\u2013La Petite-Patrie<\/p><\/div><\/div><\/div><\/li><li id=\"testimonials-c-425\" class=\"testimonial_content\"><div class=\"testimonial_content_inner\"><div class=\"testimonial_rating_holder\"><span class=\"testimonial_star_holder\"><span class=\"icon_star\"><\/span><\/span><span class=\"testimonial_star_holder\"><span class=\"icon_star\"><\/span><\/span><span class=\"testimonial_star_holder\"><span class=\"icon_star\"><\/span><\/span><span class=\"testimonial_star_holder\"><span class=\"icon_star\"><\/span><\/span><span class=\"testimonial_star_holder\"><span class=\"icon_star\"><\/span><\/span><\/div><div class=\"testimonial_text_holder\"><div class=\"testimonial_text_inner\" style=\"color: #000000;\"><p style=\"color:#000000\">\"Excellent and fast service. I was not at home when the worker came by, but I received photos of the clean gutter and, in addition, photos of a section of the roof that we suspected was leaking, which he kindly agreed to photograph for me. I highly recommend him.\"<\/p><p class=\"testimonial_author\" style=\"color: #000000;\">St\u00e9phanie Goulet, Le Plateau-Mont-Royal<\/p><\/div><\/div><\/div><\/li><li id=\"testimonials-c-424\" class=\"testimonial_content\"><div class=\"testimonial_content_inner\"><div class=\"testimonial_rating_holder\"><span class=\"testimonial_star_holder\"><span class=\"icon_star\"><\/span><\/span><span class=\"testimonial_star_holder\"><span class=\"icon_star\"><\/span><\/span><span class=\"testimonial_star_holder\"><span class=\"icon_star\"><\/span><\/span><span class=\"testimonial_star_holder\"><span class=\"icon_star\"><\/span><\/span><span class=\"testimonial_star_holder\"><span class=\"icon_star\"><\/span><\/span><\/div><div class=\"testimonial_text_holder\"><div class=\"testimonial_text_inner\" style=\"color: #000000;\"><p style=\"color:#000000\">\"David cleaned the whole windows, window frames and screens in my triplex. The work was meticulous and the result meets my expectations! I would do business with his company again without any hesitation. I recommend him to anyone!\"<\/p><p class=\"testimonial_author\" style=\"color: #000000;\">C\u00e9line Serrano, Rosemont\u2013La Petite-Patrie<\/p><\/div><\/div><\/div><\/li><li id=\"testimonials-c-423\" class=\"testimonial_content\"><div class=\"testimonial_content_inner\"><div class=\"testimonial_rating_holder\"><span class=\"testimonial_star_holder\"><span class=\"icon_star\"><\/span><\/span><span class=\"testimonial_star_holder\"><span class=\"icon_star\"><\/span><\/span><span class=\"testimonial_star_holder\"><span class=\"icon_star\"><\/span><\/span><span class=\"testimonial_star_holder\"><span class=\"icon_star\"><\/span><\/span><span class=\"testimonial_star_holder\"><span class=\"icon_star\"><\/span><\/span><\/div><div class=\"testimonial_text_holder\"><div class=\"testimonial_text_inner\" style=\"color: #000000;\"><p style=\"color:#000000\">\"Courteous, fast and affordable service. The cleaning of our windows was impeccable. We will not hesitate to call upon Entretien Ext for our future needs.\"<\/p><p class=\"testimonial_author\" style=\"color: #000000;\">Melody Myette, Rosemont\u2013La Petite-Patrie<\/p><\/div><\/div><\/div><\/li><li id=\"testimonials-c-422\" class=\"testimonial_content\"><div class=\"testimonial_content_inner\"><div class=\"testimonial_rating_holder\"><span class=\"testimonial_star_holder\"><span class=\"icon_star\"><\/span><\/span><span class=\"testimonial_star_holder\"><span class=\"icon_star\"><\/span><\/span><span class=\"testimonial_star_holder\"><span class=\"icon_star\"><\/span><\/span><span class=\"testimonial_star_holder\"><span class=\"icon_star\"><\/span><\/span><span class=\"testimonial_star_holder\"><span class=\"icon_star\"><\/span><\/span><\/div><div class=\"testimonial_text_holder\"><div class=\"testimonial_text_inner\" style=\"color: #000000;\"><p style=\"color:#000000\">\"On time, very professional, friendly but respectful, clean work. I am very satisfied with the great service. I definitely recommend Mr. David and his team to anyone.\"<\/p><p class=\"testimonial_author\" style=\"color: #000000;\">Azin Barsalani, Town of Mount Royal<\/p><\/div><\/div><\/div><\/li><li id=\"testimonials-c-421\" class=\"testimonial_content\"><div class=\"testimonial_content_inner\"><div class=\"testimonial_rating_holder\"><span class=\"testimonial_star_holder\"><span class=\"icon_star\"><\/span><\/span><span class=\"testimonial_star_holder\"><span class=\"icon_star\"><\/span><\/span><span class=\"testimonial_star_holder\"><span class=\"icon_star\"><\/span><\/span><span class=\"testimonial_star_holder\"><span class=\"icon_star\"><\/span><\/span><span class=\"testimonial_star_holder\"><span class=\"icon_star\"><\/span><\/span><\/div><div class=\"testimonial_text_holder\"><div class=\"testimonial_text_inner\" style=\"color: #000000;\"><p style=\"color:#000000\">\"I was very satisfied with the cleaning of my window at my cottage. He did an amazing job, very professional, very clean work. I highly recommend his&nbsp;work.\"<\/p><p class=\"testimonial_author\" style=\"color: #000000;\">Filomena Reda, Sainte-Marguerite-du-Lac-Masson<\/p><\/div><\/div><\/div><\/li><\/ul><\/div><\/div>[vc_empty_space height=&#8221;80px&#8221;][\/vc_column][\/vc_row][vc_row css_animation=&#8221;&#8221; row_type=&#8221;row&#8221; use_row_as_full_screen_section=&#8221;no&#8221; type=&#8221;grid&#8221; angled_section=&#8221;no&#8221; text_align=&#8221;center&#8221; background_image_as_pattern=&#8221;without_pattern&#8221; z_index=&#8221;&#8221; anchor=&#8221;estimate&#8221; css=&#8221;.vc_custom_1741964558050{background-color: #e5eef3 !important;}&#8221;][vc_column][vc_empty_space height=&#8221;100px&#8221;][vc_column_text]<\/p>\n<h6 style=\"text-align: center;\">ASK FOR A FREE ESTIMATE<\/h6>\n<p>[\/vc_column_text][vc_empty_space height=&#8221;10px&#8221;][vc_column_text css=&#8221;&#8221;]<\/p>\n<p style=\"text-align: center;\">We will contact you within the next 24\u00a0hours.<\/p>\n<p>[\/vc_column_text][vc_empty_space height=&#8221;50px&#8221;]<a  itemprop=\"url\" href=\"https:\/\/plannit.io\/merchants\/entretienext?language=en&#038;view=merchantProfile&#038;action=RequestQuote\" target=\"_self\" data-hover-background-color=\"#000000\" data-hover-border-color=\"#000000\" data-hover-color=\"#FFFFFF\" class=\"qbutton  center default\" style=\"color: #FFFFFF; border-color: #0089CF; border-radius: 4px;-moz-border-radius: 4px;-webkit-border-radius: 4px; background-color:#0089CF;\">Ask for a free estimate<\/a>[vc_empty_space height=&#8221;100px&#8221;][\/vc_column][\/vc_row]<\/p>\n<\/div>","protected":false},"excerpt":{"rendered":"<p>[vc_row css_animation=&#8221;&#8221; row_type=&#8221;row&#8221; use_row_as_full_screen_section=&#8221;no&#8221; type=&#8221;grid&#8221; angled_section=&#8221;no&#8221; text_align=&#8221;left&#8221; background_image_as_pattern=&#8221;without_pattern&#8221; z_index=&#8221;&#8221; css=&#8221;.vc_custom_1729541350635{background-color: #E5EEF3 !important;}&#8221;][vc_column][qode_elements_holder number_of_columns=&#8221;two_columns&#8221;][qode_elements_holder_item vertical_alignment=&#8221;top&#8221; advanced_animations=&#8221;no&#8221; item_padding=&#8221;90px 20px 90px 0px&#8221; item_padding_480=&#8221;90px 20px 0px 0px&#8221; item_padding_480_600=&#8221;90px 20px 0px 0px&#8221;][vc_single_image image=&#8221;520&#8243; img_size=&#8221;full&#8221; alignment=&#8221;center&#8221; css=&#8221;&#8221; qode_css_animation=&#8221;&#8221;][\/qode_elements_holder_item][qode_elements_holder_item vertical_alignment=&#8221;top&#8221; advanced_animations=&#8221;no&#8221; item_padding=&#8221;88px&#8230;<\/p>\n","protected":false},"author":1,"featured_media":0,"parent":0,"menu_order":0,"comment_status":"closed","ping_status":"closed","template":"full_width.php","meta":{"footnotes":""},"class_list":["post-174","page","type-page","status-publish","hentry"],"_links":{"self":[{"href":"https:\/\/entretienext.ca\/en\/wp-json\/wp\/v2\/pages\/174","targetHints":{"allow":["GET"]}}],"collection":[{"href":"https:\/\/entretienext.ca\/en\/wp-json\/wp\/v2\/pages"}],"about":[{"href":"https:\/\/entretienext.ca\/en\/wp-json\/wp\/v2\/types\/page"}],"author":[{"embeddable":true,"href":"https:\/\/entretienext.ca\/en\/wp-json\/wp\/v2\/users\/1"}],"replies":[{"embeddable":true,"href":"https:\/\/entretienext.ca\/en\/wp-json\/wp\/v2\/comments?post=174"}],"version-history":[{"count":84,"href":"https:\/\/entretienext.ca\/en\/wp-json\/wp\/v2\/pages\/174\/revisions"}],"predecessor-version":[{"id":1357,"href":"https:\/\/entretienext.ca\/en\/wp-json\/wp\/v2\/pages\/174\/revisions\/1357"}],"wp:attachment":[{"href":"https:\/\/entretienext.ca\/en\/wp-json\/wp\/v2\/media?parent=174"}],"curies":[{"name":"wp","href":"https:\/\/api.w.org\/{rel}","templated":true}]}}